{"id":16,"date":"2019-01-24T13:30:27","date_gmt":"2019-01-24T12:30:27","guid":{"rendered":"http:\/\/schlierseepraxis.de\/?page_id=16"},"modified":"2019-05-15T12:51:19","modified_gmt":"2019-05-15T10:51:19","slug":"impressum","status":"publish","type":"page","link":"https:\/\/schlierseepraxis.de\/?page_id=16","title":{"rendered":"Impressum"},"content":{"rendered":"\n<style type=\"text\/css\" data-created_by=\"avia_inline_auto\" id=\"style-css-av-av_one_full-25347b0a799d5b9f7058434b2a9c3182\">\n.flex_column.av-av_one_full-25347b0a799d5b9f7058434b2a9c3182{\nborder-radius:0px 0px 0px 0px;\npadding:0px 0px 0px 0px;\n}\n<\/style>\n<div  class='flex_column av-av_one_full-25347b0a799d5b9f7058434b2a9c3182 av_one_full  avia-builder-el-0  el_before_av_one_fifth  avia-builder-el-first  first flex_column_div av-zero-column-padding  '     ><section  class='av_textblock_section av-jrkjbq6x-fdac23ce7f9c7a16ae93f11ebee732b5 '   itemscope=\"itemscope\" itemtype=\"https:\/\/schema.org\/CreativeWork\" ><div class='avia_textblock'  itemprop=\"text\" ><h3><span style=\"color: #000000;\">Allgemeinarztpraxis Dr. Kirchner und Dr. D\u00f6rfler<\/span><\/h3>\n<div><span style=\"color: #000000;\">Koglerweg 2<\/span><\/div>\n<div><span style=\"color: #000000;\">83727 Scliersee<\/span><\/div>\n<div><span style=\"color: #000000;\">Tel: 08026\/6516<\/span><\/div>\n<div><span style=\"color: #000000;\">Email: info@schlierseepraxis.de<\/span><\/div>\n<\/div><\/section><br \/>\n<section  class='av_textblock_section av-jrkjbq6x-fdac23ce7f9c7a16ae93f11ebee732b5 '   itemscope=\"itemscope\" itemtype=\"https:\/\/schema.org\/CreativeWork\" ><div class='avia_textblock'  itemprop=\"text\" ><div id=\"main_container\">\n<div id=\"sub_container2\">\n<div id=\"content_container\" class=\"content\">\n<div><span style=\"color: #000000;\">Haftungshinweis: Die auf dieser Website dargestellten kostenfreien Informationen dienen ausschlie\u00dflich Ihrer Information. Wir \u00fcbernehmen keinerlei Gew\u00e4hr f\u00fcr die Richtigkeit, Vollst\u00e4ndigkeit oder Aktualit\u00e4t der bereitgestellten Informationen. Anspr\u00fcche aus Auskunft, Empfehlung oder Beratung k\u00f6nnen aus der Bereitstellung nicht hergeleitet werden. Eine Haftung f\u00fcr Sch\u00e4den ist grunds\u00e4tzlich ausgeschlossen, soweit nicht Vorsatz oder grobe Fahrl\u00e4ssigkeit von uns zu vertreten ist.\u00a0<\/span><\/div>\n<div><span style=\"color: #000000;\">Ziele von Verweisen (Links), die von unseren Seiten auf fremde Internetseiten angebracht wurden, hatten zum Zeitpunkt der Linksetzung keine von uns erkennbaren gesetzwidrigen Inhalte. Wir haben jedoch auf diese fremden Internetinhalte keinen Einfluss und distanzieren uns hiermit von den dort zur Verf\u00fcgung gestellten Inhalten ausdr\u00fccklich. Insbesondere k\u00f6nnen wir nicht daf\u00fcr garantieren, dass andere Internet-Seiten der angelinkten Webpr\u00e4senz ausschlie\u00dflich rechtlich einwandfreie Inhalte bereithalten, ebenso wenig daf\u00fcr, dass die angelinkte Internetseite nicht nachtr\u00e4glich in rechtlich nicht einwandfreier Weise ver\u00e4ndert wurde.\u00a0<\/span><\/div>\n<div><span style=\"color: #000000;\">Copyright: Die von uns erstellten Texte, Programme, Grafiken sowie Audio- und Videodateien unterliegen unserem Nutzungs- und Verwertungsrecht und d\u00fcrfen nur mit unserer Zustimmung vervielf\u00e4ltigt oder verbreitet werden. Falls einzelne Klauseln dieser Haftungsbeschr\u00e4nkungserkl\u00e4rung nicht oder nicht mehr den geltenden gesetzlichen Vorschriften entspricht, bleibt davon die G\u00fcltigkeit der \u00fcbrigen Klauseln unber\u00fchrt.\u00a0<\/span><\/div>\n<div><span style=\"color: #000000;\">\u00a0<\/span><\/div>\n<div><span style=\"color: #000000;\">(c) schlierseepraxis.de<\/span><\/div>\n<\/div>\n<\/div>\n<\/div>\n<div id=\"footer\">\n<div id=\"footer_text\">Arztpraxis Dr. Kirchner &amp; Dr. D\u00f6rfler , Koglerweg 2, 83727 Schliersee, Tel: 08026\/6516<\/div>\n<\/div>\n<\/div><\/section><\/p><\/div>\n","protected":false},"excerpt":{"rendered":"","protected":false},"author":4,"featured_media":0,"parent":0,"menu_order":0,"comment_status":"closed","ping_status":"closed","template":"","meta":{"footnotes":""},"class_list":["post-16","page","type-page","status-publish","hentry"],"_links":{"self":[{"href":"https:\/\/schlierseepraxis.de\/index.php?rest_route=\/wp\/v2\/pages\/16","targetHints":{"allow":["GET"]}}],"collection":[{"href":"https:\/\/schlierseepraxis.de\/index.php?rest_route=\/wp\/v2\/pages"}],"about":[{"href":"https:\/\/schlierseepraxis.de\/index.php?rest_route=\/wp\/v2\/types\/page"}],"author":[{"embeddable":true,"href":"https:\/\/schlierseepraxis.de\/index.php?rest_route=\/wp\/v2\/users\/4"}],"replies":[{"embeddable":true,"href":"https:\/\/schlierseepraxis.de\/index.php?rest_route=%2Fwp%2Fv2%2Fcomments&post=16"}],"version-history":[{"count":2,"href":"https:\/\/schlierseepraxis.de\/index.php?rest_route=\/wp\/v2\/pages\/16\/revisions"}],"predecessor-version":[{"id":119,"href":"https:\/\/schlierseepraxis.de\/index.php?rest_route=\/wp\/v2\/pages\/16\/revisions\/119"}],"wp:attachment":[{"href":"https:\/\/schlierseepraxis.de\/index.php?rest_route=%2Fwp%2Fv2%2Fmedia&parent=16"}],"curies":[{"name":"wp","href":"https:\/\/api.w.org\/{rel}","templated":true}]}}